{"id":6,"date":"2019-05-08T17:05:43","date_gmt":"2019-05-08T17:05:43","guid":{"rendered":"http:\/\/sw-themes.com\/porto_dummy\/?page_id=6"},"modified":"2022-11-14T15:48:08","modified_gmt":"2022-11-14T18:48:08","slug":"centrifugas","status":"publish","type":"page","link":"https:\/\/www.reforcencentrifugas.com.br\/","title":{"rendered":"Home"},"content":{"rendered":"<p>[vc_row wrap_container=&#8221;yes&#8221; css=&#8221;.vc_custom_1557427140663{padding-top: 4.5rem !important;padding-bottom: 4.5rem !important;background-color: #e8eef3 !important;}&#8221; el_id=&#8221;company_history&#8221;][vc_column][vc_custom_heading text=&#8221;Somos especializados na manuten\u00e7\u00e3o e venda de separadoras centr\u00edfugas&#8221; font_container=&#8221;tag:h3|font_size:25|text_align:center|color:%23878787|line_height:42px&#8221; google_fonts=&#8221;font_family:Open%20Sans%3A300%2C300italic%2Cregular%2Citalic%2C600%2C600italic%2C700%2C700italic%2C800%2C800italic|font_style:400%20regular%3A400%3Anormal&#8221; css_animation=&#8221;fadeInUp&#8221;][vc_tour type=&#8221;tabs-navigation&#8221; color=&#8221;#1d2127&#8243; el_class=&#8221;mb-0&#8243;][vc_tab title=&#8221;Desde 1999&#8243; tab_id=&#8221;9b5ab342-5ed9-2&#8243;][vc_row_inner content_placement=&#8221;middle&#8221;][vc_column_inner el_class=&#8221;mb-4 mb-lg-0&#8243; animation_delay=&#8221;300&#8243; offset=&#8221;vc_col-lg-5 vc_col-md-6&#8243; animation_type=&#8221;fadeInUp&#8221;][vc_single_image image=&#8221;276&#8243; img_size=&#8221;full&#8221; el_class=&#8221;mb-0&#8243;][\/vc_column_inner][vc_column_inner el_class=&#8221;pl-lg-5&#8243; animation_delay=&#8221;600&#8243; offset=&#8221;vc_col-lg-7 vc_col-md-6&#8243; animation_type=&#8221;fadeInLeft&#8221;]<div class=\"porto-u-heading mb-0  wpb_custom_cfb7908334a805475b31cfb5f441f46a\" data-hspacer=\"no_spacer\" data-halign=\"left\" style=\"text-align:left\"><div class=\"porto-u-main-heading\"><h5   style=\"color:#828282;margin-bottom: 33px;\">Comprometidos com a Qualidade<\/h5><\/div><div class=\"porto-u-sub-heading\" style=\"margin-bottom:0px;\">A Reforcen Centr\u00edfugas atua no mercado de separadoras centr\u00edfugas, com vendas, manuten\u00e7\u00e3o e restaura\u00e7\u00e3o de m\u00e1quinas para destilarias, fecularias, latic\u00ednios e ind\u00fastria de bebidas e \u00f3leos vegetais.<\/div><\/div>[\/vc_column_inner][\/vc_row_inner][\/vc_tab][\/vc_tour][\/vc_column][\/vc_row][vc_row wrap_container=&#8221;yes&#8221; css=&#8221;.vc_custom_1557420582366{border-top-width: 1px !important;padding-top: 6.5rem !important;padding-bottom: 2rem !important;border-top-color: rgba(0,0,0,0.06) !important;border-top-style: solid !important;}&#8221;][vc_column width=&#8221;1\/4&#8243;]<div class=\"porto-sicon-box  wpb_custom_1efe903570d178ff0a9b7bfa5febd3a4 style_1 default-icon flex-wrap\"><div class=\"porto-sicon-default\"><div id=\"porto-icon-8750192446a03d23fc82bd\" class=\"porto-just-icon-wrapper porto-sicon-img\" style=\"font-size: 70px;\"><img loading=\"lazy\" decoding=\"async\" class=\"img-icon\" alt=\"\" src=\"https:\/\/www.reforcencentrifugas.com.br\/wp-content\/uploads\/2019\/05\/venda-de-centrifugas.png\" width=\"70\" height=\"70\" \/><\/div><\/div><div class=\"porto-sicon-header\"><h3 class=\"porto-sicon-title\" style=\"\">VENDA DE M\u00c1QUINAS<\/h3><\/div> <!-- header --><div class=\"porto-sicon-description\" style=\"\">\n<p style=\"text-align: center;\">A Reforcen tamb\u00e9m comercializa Separadoras Centr\u00edfugas de quaisquer marcas e modelos com garantia certificada e assist\u00eancia t\u00e9cnica garantida.<\/p>\n<p><\/div> <!-- description --><\/div><!-- porto-sicon-box -->[\/vc_column][vc_column width=&#8221;1\/4&#8243;]<div class=\"porto-sicon-box  wpb_custom_1efe903570d178ff0a9b7bfa5febd3a4 style_1 default-icon flex-wrap\"><div class=\"porto-sicon-default\"><div id=\"porto-icon-10615799576a03d23fc8774\" class=\"porto-just-icon-wrapper porto-sicon-img\" style=\"font-size: 70px;\"><img loading=\"lazy\" decoding=\"async\" class=\"img-icon\" alt=\"\" src=\"https:\/\/www.reforcencentrifugas.com.br\/wp-content\/uploads\/2019\/05\/pecas-de-reposicao.png\" width=\"70\" height=\"70\" \/><\/div><\/div><div class=\"porto-sicon-header\"><h3 class=\"porto-sicon-title\" style=\"\">REPOSI\u00c7\u00c3O DE PE\u00c7AS<\/h3><\/div> <!-- header --><div class=\"porto-sicon-description\" style=\"\">\n<p style=\"text-align: center;\">Estoque de pe\u00e7as para pronta entrega com a melhor qualidade e o menor pre\u00e7o.<\/p>\n<p><\/div> <!-- description --><\/div><!-- porto-sicon-box -->[\/vc_column][vc_column width=&#8221;1\/4&#8243;]<div class=\"porto-sicon-box  wpb_custom_1efe903570d178ff0a9b7bfa5febd3a4 style_1 default-icon flex-wrap\"><div class=\"porto-sicon-default\"><div id=\"porto-icon-15261768216a03d23fc8c21\" class=\"porto-just-icon-wrapper porto-sicon-img\" style=\"font-size: 70px;\"><img loading=\"lazy\" decoding=\"async\" class=\"img-icon\" alt=\"\" src=\"https:\/\/www.reforcencentrifugas.com.br\/wp-content\/uploads\/2019\/05\/ass-tecnica-centrifugas.png\" width=\"70\" height=\"70\" \/><\/div><\/div><div class=\"porto-sicon-header\"><h3 class=\"porto-sicon-title\" style=\"\">ASSIST\u00caNCIA T\u00c9CNICA<\/h3><\/div> <!-- header --><div class=\"porto-sicon-description\" style=\"\">\n<p style=\"text-align: center;\">T\u00e9cnicos com experi\u00eancia comprovada, Assist\u00eancia T\u00e9cnica garantida. Atendimento em todo territ\u00f3rio nacional.<\/p>\n<p><\/div> <!-- description --><\/div><!-- porto-sicon-box -->[\/vc_column][vc_column width=&#8221;1\/4&#8243;]<div class=\"porto-sicon-box  wpb_custom_1efe903570d178ff0a9b7bfa5febd3a4 style_1 default-icon flex-wrap\"><div class=\"porto-sicon-default\"><div id=\"porto-icon-7015333186a03d23fc9098\" class=\"porto-just-icon-wrapper porto-sicon-img\" style=\"font-size: 70px;\"><img loading=\"lazy\" decoding=\"async\" class=\"img-icon\" alt=\"\" src=\"https:\/\/www.reforcencentrifugas.com.br\/wp-content\/uploads\/2019\/05\/treinamento.jpg\" width=\"70\" height=\"70\" \/><\/div><\/div><div class=\"porto-sicon-header\"><h3 class=\"porto-sicon-title\" style=\"\">CONSULTORIA E TREINAMENTO<\/h3><\/div> <!-- header --><div class=\"porto-sicon-description\" style=\"\">\n<p style=\"text-align: center;\">Orienta\u00e7\u00e3o na aplica\u00e7\u00e3o para projeto de instala\u00e7\u00e3o, no processo de produ\u00e7\u00e3o visando melhor rendimento e melhor custo.<\/p>\n<p><\/div> <!-- description --><\/div><!-- porto-sicon-box -->[\/vc_column][\/vc_row][vc_row full_width=&#8221;stretch_row_content&#8221;][vc_column][vc_column_text]<iframe loading=\"lazy\" style=\"border: 0;\" src=\"https:\/\/www.google.com\/maps\/embed?pb=!1m14!1m8!1m3!1d14716.1482824188!2d-47.3907507!3d-22.7640055!3m2!1i1024!2i768!4f13.1!3m3!1m2!1s0x0%3A0x5cec3163afe269c9!2sReforcen%20Centr%C3%ADfugas!5e0!3m2!1spt-BR!2sbr!4v1663680598822!5m2!1spt-BR!2sbr\" width=\"1920\" height=\"300\" allowfullscreen=\"allowfullscreen\"><\/iframe>[\/vc_column_text][\/vc_column][\/vc_row]<\/p>\n","protected":false},"excerpt":{"rendered":"<p>[vc_row wrap_container=&#8221;yes&#8221; css=&#8221;.vc_custom_1557427140663{padding-top: 4.5rem !important;padding-bottom: 4.5rem !important;background-color: #e8eef3 !important;}&#8221; el_id=&#8221;company_history&#8221;][vc_column][vc_custom_heading text=&#8221;Somos especializados na manuten\u00e7\u00e3o e venda de separadoras centr\u00edfugas&#8221; font_container=&#8221;tag:h3|font_size:25|text_align:center|color:%23878787|line_height:42px&#8221; google_fonts=&#8221;font_family:Open%20Sans%3A300%2C300italic%2Cregular%2Citalic%2C600%2C600italic%2C700%2C700italic%2C800%2C800italic|font_style:400%20regular%3A400%3Anormal&#8221; css_animation=&#8221;fadeInUp&#8221;][vc_tour type=&#8221;tabs-navigation&#8221; color=&#8221;#1d2127&#8243; el_class=&#8221;mb-0&#8243;][vc_tab title=&#8221;Desde 1999&#8243; tab_id=&#8221;9b5ab342-5ed9-2&#8243;][vc_row_inner content_placement=&#8221;middle&#8221;][vc_column_inner el_class=&#8221;mb-4 mb-lg-0&#8243; animation_delay=&#8221;300&#8243; offset=&#8221;vc_col-lg-5 vc_col-md-6&#8243; animation_type=&#8221;fadeInUp&#8221;][vc_single_image image=&#8221;276&#8243; img_size=&#8221;full&#8221; el_class=&#8221;mb-0&#8243;][\/vc_column_inner][vc_column_inner el_class=&#8221;pl-lg-5&#8243; animation_delay=&#8221;600&#8243; offset=&#8221;vc_col-lg-7 vc_col-md-6&#8243; animation_type=&#8221;fadeInLeft&#8221;][\/vc_column_inner][\/vc_row_inner][\/vc_tab][\/vc_tour][\/vc_column][\/vc_row][vc_row wrap_container=&#8221;yes&#8221; css=&#8221;.vc_custom_1557420582366{border-top-width: 1px !important;padding-top: 6.5rem !important;padding-bottom: 2rem !important;border-top-color: rgba(0,0,0,0.06) !important;border-top-style: solid !important;}&#8221;][vc_column [&hellip;]<\/p>\n","protected":false},"author":1,"featured_media":0,"parent":0,"menu_order":0,"comment_status":"closed","ping_status":"closed","template":"","meta":{"footnotes":""},"class_list":["post-6","page","type-page","status-publish","hentry"],"_links":{"self":[{"href":"https:\/\/www.reforcencentrifugas.com.br\/index.php?rest_route=\/wp\/v2\/pages\/6"}],"collection":[{"href":"https:\/\/www.reforcencentrifugas.com.br\/index.php?rest_route=\/wp\/v2\/pages"}],"about":[{"href":"https:\/\/www.reforcencentrifugas.com.br\/index.php?rest_route=\/wp\/v2\/types\/page"}],"author":[{"embeddable":true,"href":"https:\/\/www.reforcencentrifugas.com.br\/index.php?rest_route=\/wp\/v2\/users\/1"}],"replies":[{"embeddable":true,"href":"https:\/\/www.reforcencentrifugas.com.br\/index.php?rest_route=%2Fwp%2Fv2%2Fcomments&post=6"}],"version-history":[{"count":20,"href":"https:\/\/www.reforcencentrifugas.com.br\/index.php?rest_route=\/wp\/v2\/pages\/6\/revisions"}],"predecessor-version":[{"id":305,"href":"https:\/\/www.reforcencentrifugas.com.br\/index.php?rest_route=\/wp\/v2\/pages\/6\/revisions\/305"}],"wp:attachment":[{"href":"https:\/\/www.reforcencentrifugas.com.br\/index.php?rest_route=%2Fwp%2Fv2%2Fmedia&parent=6"}],"curies":[{"name":"wp","href":"https:\/\/api.w.org\/{rel}","templated":true}]}}